{"id":2988,"date":"2020-09-02T15:48:49","date_gmt":"2020-09-02T13:48:49","guid":{"rendered":"https:\/\/ott.wenzel-werbeagentur.de\/?page_id=2988"},"modified":"2021-02-16T11:00:21","modified_gmt":"2021-02-16T10:00:21","slug":"koordinatenmessen","status":"publish","type":"page","link":"https:\/\/www.zahnrad-ott.de\/de\/messen\/koordinatenmessen\/","title":{"rendered":"Koordinatenmessen"},"content":{"rendered":"<p><div class=\"fusion-fullwidth fullwidth-box fusion-builder-row-1 nonhundred-percent-fullwidth non-hundred-percent-height-scrolling\" style=\"--awb-background-position:left top;--awb-border-sizes-top:0px;--awb-border-sizes-bottom:0px;--awb-border-sizes-left:0px;--awb-border-sizes-right:0px;--awb-border-radius-top-left:0px;--awb-border-radius-top-right:0px;--awb-border-radius-bottom-right:0px;--awb-border-radius-bottom-left:0px;--awb-padding-top:100px;--awb-padding-right:20px;--awb-padding-bottom:100px;--awb-padding-left:20px;--awb-margin-top:0px;--awb-margin-bottom:0px;--awb-background-color:#ffffff;--awb-flex-wrap:wrap;\" ><div class=\"fusion-builder-row fusion-row\"><div class=\"fusion-layout-column fusion_builder_column fusion-builder-column-0 fusion_builder_column_2_3 2_3 fusion-two-third fusion-column-first\" style=\"--awb-bg-size:cover;--awb-margin-bottom:0px;width:66.666666666667%;width:calc(66.666666666667% - ( ( 4% ) * 0.66666666666667 ) );margin-right: 4%;\"><div class=\"fusion-column-wrapper fusion-column-has-shadow fusion-flex-column-wrapper-legacy\"><div class=\"fusion-title title fusion-title-1 fusion-sep-none fusion-title-text fusion-title-size-one\" style=\"--awb-text-color:#969696;--awb-margin-top-small:0px;--awb-margin-right-small:0px;--awb-margin-bottom-small:20px;--awb-margin-left-small:0px;\"><h1 class=\"fusion-title-heading title-heading-left fusion-responsive-typography-calculated\" style=\"margin:0;--fontSize:50;line-height:1.25;\">Koordinatenmessen<\/h1><\/div><div class=\"fusion-title title fusion-title-2 fusion-sep-none fusion-title-text fusion-title-size-three\" style=\"--awb-text-color:#000000;--awb-margin-top-small:0px;--awb-margin-right-small:0px;--awb-margin-bottom-small:20px;--awb-margin-left-small:0px;\"><h3 class=\"fusion-title-heading title-heading-left fusion-responsive-typography-calculated\" style=\"margin:0;--fontSize:25;line-height:1.25;\">Protokollierte Pr\u00fcf- und Messergebnisse<\/h3><\/div><div class=\"fusion-sep-clear\"><\/div><div class=\"fusion-separator fusion-full-width-sep\" style=\"margin-left: auto;margin-right: auto;margin-top:11px;margin-bottom:11px;width:100%;max-width:100%;\"><\/div><div class=\"fusion-sep-clear\"><\/div><div class=\"fusion-text fusion-text-1\"><p style=\"text-align: left;\">Stetig wachsende Anforderungen unserer Kunden bedingen, dass wir unsere Produkte oder Dienstleistungen mit einer hochwertigen Qualit\u00e4tskontrolle \u00fcberwachen. Unser Portfolio, mit den Hauptkomponenten Zahnr\u00e4der und Schneckengetriebeteilen sowie weitere Produkte unterliegen folgenden qualit\u00e4tssichernden Ma\u00dfnahmen:<\/p>\n<ul>\n<li>Klimatisierte R\u00e4ume f\u00fcr Messmaschinen mit integriertem Lagerplatz zur Akklimatisierung der Werkst\u00fccke.<\/li>\n<li>OTT-Schraubgetriebe sowie alle g\u00e4ngigen Schneckengetriebetypen werden einer Einflankenw\u00e4lzpr\u00fcfung unterzogen.<\/li>\n<li>Auf Kundenwunsch kann die Verzahnung von Schneckenwelle und Schneckenrad auf unserer Verzahnungsmessmaschine gemessen werden.<\/li>\n<li>Durch die Werkerselbstpr\u00fcfung wird die Qualit\u00e4t der Produkte w\u00e4hrend der Produktion \u00fcberwacht.<\/li>\n<li>Je nach Spezifikation liefern wir Ihnen dokumentierte Pr\u00fcf- und Messergebnisse.<\/li>\n<li>Messergebnisse, k\u00f6nnen durch grafische Ausgaben visualisiert werden.<\/li>\n<\/ul>\n<\/div><div class=\"fusion-sep-clear\"><\/div><div class=\"fusion-separator fusion-full-width-sep\" style=\"margin-left: auto;margin-right: auto;margin-top:10px;margin-bottom:10px;width:100%;max-width:100%;\"><\/div><div class=\"fusion-sep-clear\"><\/div><div class=\"fusion-text fusion-text-2\"><p style=\"text-align: left;\"><strong>Unsere Koordinatenmessmaschine bietet folgende technische Daten:<\/strong><\/p>\n<\/div>\n<div class=\"table-1\">\n<table style=\"border-color: #969696; border-style: solid;\" border=\"1\">\n<tbody>\n<tr>\n<td style=\"width: 350px; height: 50px; text-align: left; vertical-align: middle;\">Messwege X \/ Y \/ Z<\/td>\n<td style=\"width: 350px; height: 50px; text-align: left; vertical-align: middle;\">3.000 x 4.500 x 1.600 mm<\/td>\n<\/tr>\n<tr>\n<td style=\"width: 350px; height: 50px; text-align: left; vertical-align: middle;\">Gewicht (t)<\/td>\n<td style=\"width: 350px; height: 50px; text-align: left; vertical-align: middle;\">bis zu 20 t<\/td>\n<\/tr>\n<\/tbody>\n<\/table>\n<\/div>\n<div class=\"fusion-sep-clear\"><\/div><div class=\"fusion-separator fusion-full-width-sep\" style=\"margin-left: auto;margin-right: auto;margin-top:25px;margin-bottom:25px;width:100%;max-width:100%;\"><\/div><div class=\"fusion-sep-clear\"><\/div><div class=\"fusion-text fusion-text-3\"><p>Weitere Werkst\u00fcck-Abmessungen und <span style=\"color: #969696;\"><a style=\"color: #969696;\" href=\"https:\/\/www.zahnrad-ott.de\/de\/messen\/lohnvermessen\/\">Lohnmessung<\/a><\/span> auf Anfrage.<\/p>\n<\/div><div class=\"fusion-sep-clear\"><\/div><div class=\"fusion-separator fusion-full-width-sep\" style=\"margin-left: auto;margin-right: auto;margin-top:25px;margin-bottom:25px;width:100%;max-width:100%;\"><\/div><div class=\"fusion-sep-clear\"><\/div><div class=\"fusion-text fusion-text-4\"><p style=\"text-align: left;\"><strong>Zus\u00e4tzliche Leistungen \/ Qualifikationen:<\/strong><\/p>\n<ul>\n<li>DGZfP zertifiziertes Pr\u00fcfpersonal<\/li>\n<li>st\u00e4ndige Mess- und Pr\u00fcfmittel\u00fcberwachung<\/li>\n<li>Identifikation und R\u00fcckverfolgbarkeit der Produkte<\/li>\n<li>Risspr\u00fcfung: Magnetpulverpr\u00fcfung \/ Eindringpr\u00fcfung<\/li>\n<li>Ultraschallpr\u00fcfung<\/li>\n<li>Schleifbrandpr\u00fcfung nach Barkhausenrauschen-Analyse (BNA)<\/li>\n<\/ul>\n<\/div><div class=\"fusion-sep-clear\"><\/div><div class=\"fusion-separator fusion-full-width-sep\" style=\"margin-left: auto;margin-right: auto;margin-top:25px;margin-bottom:25px;width:100%;max-width:100%;\"><\/div><div class=\"fusion-sep-clear\"><\/div><div class=\"fusion-clearfix\"><\/div><\/div><\/div><div class=\"fusion-layout-column fusion_builder_column fusion-builder-column-1 fusion_builder_column_1_3 1_3 fusion-one-third fusion-column-last\" style=\"--awb-bg-size:cover;--awb-margin-bottom:0px;width:33.333333333333%;width:calc(33.333333333333% - ( ( 4% ) * 0.33333333333333 ) );\"><div class=\"fusion-column-wrapper fusion-column-has-shadow fusion-flex-column-wrapper-legacy\"><div class=\"fusion-builder-row fusion-builder-row-inner fusion-row\"><div class=\"fusion-layout-column fusion_builder_column_inner fusion-builder-nested-column-0 fusion_builder_column_inner_1_1 1_1 fusion-one-full fusion-column-first fusion-column-last\" style=\"--awb-padding-top:20px;--awb-padding-right:20px;--awb-padding-bottom:20px;--awb-padding-left:20px;--awb-bg-color:#969696;--awb-bg-color-hover:#969696;--awb-bg-size:cover;--awb-margin-bottom:0px;\"><div class=\"fusion-column-wrapper fusion-column-has-shadow fusion-flex-column-wrapper-legacy\"><div class=\"fusion-title title fusion-title-3 fusion-title-text fusion-title-size-five\" style=\"--awb-text-color:#ffffff;--awb-margin-bottom:0px;--awb-margin-top-small:0px;--awb-margin-right-small:0px;--awb-margin-bottom-small:0px;--awb-margin-left-small:0px;\"><h5 class=\"fusion-title-heading title-heading-left fusion-responsive-typography-calculated\" style=\"margin:0;--fontSize:20;--minFontSize:20;line-height:1.25;\"><i class=\"fas fa-address-card\"><\/i>\u00a0\u00a0Ansprechpartner<\/h5><span class=\"awb-title-spacer\"><\/span><div class=\"title-sep-container\"><div class=\"title-sep sep- sep-solid\" style=\"border-color:#e0dede;\"><\/div><\/div><\/div><div class=\"fusion-clearfix\"><\/div><\/div><\/div><\/div><div class=\"fusion-builder-row fusion-builder-row-inner fusion-row\"><div class=\"fusion-layout-column fusion_builder_column_inner fusion-builder-nested-column-1 fusion_builder_column_inner_1_1 1_1 fusion-one-full fusion-column-first fusion-column-last\" style=\"--awb-padding-top:40px;--awb-padding-right:20px;--awb-padding-bottom:20px;--awb-padding-left:20px;--awb-bg-color:#f5f5f5;--awb-bg-color-hover:#f5f5f5;--awb-bg-size:cover;--awb-margin-bottom:0px;\"><div class=\"fusion-column-wrapper fusion-column-has-shadow fusion-flex-column-wrapper-legacy\"><div class=\"fusion-text fusion-text-5\"><p><strong>Herr Henes<\/strong><br \/>\n<a style=\"color: #000000;\" href=\"tel:00497471705188\">Tel. +49 (0) 74 71 \/ 705 \u2010 188<\/a><br \/>\n<a style=\"color: #969696;\" href=\"mailto:p.henes@zahnrad-ott.de\">p.henes@zahnrad-ott.de<\/a><\/p>\n<\/div><div class=\"fusion-clearfix\"><\/div><\/div><\/div><\/div><div class=\"fusion-sep-clear\"><\/div><div class=\"fusion-separator fusion-full-width-sep\" style=\"margin-left: auto;margin-right: auto;margin-top:15px;margin-bottom:15px;width:100%;max-width:100%;\"><\/div><div class=\"fusion-sep-clear\"><\/div><div class=\"fusion-builder-row fusion-builder-row-inner fusion-row\"><div class=\"fusion-layout-column fusion_builder_column_inner fusion-builder-nested-column-2 fusion_builder_column_inner_1_1 1_1 fusion-one-full fusion-column-first fusion-column-last\" style=\"--awb-padding-top:20px;--awb-padding-right:20px;--awb-padding-bottom:20px;--awb-padding-left:20px;--awb-bg-color:#969696;--awb-bg-color-hover:#969696;--awb-bg-size:cover;--awb-margin-bottom:0px;\"><div class=\"fusion-column-wrapper fusion-column-has-shadow fusion-flex-column-wrapper-legacy\"><div class=\"fusion-title title fusion-title-4 fusion-title-text fusion-title-size-five\" style=\"--awb-text-color:#ffffff;--awb-margin-bottom:0px;--awb-margin-top-small:0px;--awb-margin-right-small:0px;--awb-margin-bottom-small:0px;--awb-margin-left-small:0px;\"><h5 class=\"fusion-title-heading title-heading-left fusion-responsive-typography-calculated\" style=\"margin:0;--fontSize:20;--minFontSize:20;line-height:1.25;\"><i class=\"fas fa-file-download\"><\/i>\u00a0\u00a0Downloads<\/h5><span class=\"awb-title-spacer\"><\/span><div class=\"title-sep-container\"><div class=\"title-sep sep- sep-solid\" style=\"border-color:#e0dede;\"><\/div><\/div><\/div><div class=\"fusion-clearfix\"><\/div><\/div><\/div><\/div><div class=\"fusion-builder-row fusion-builder-row-inner fusion-row\"><div class=\"fusion-layout-column fusion_builder_column_inner fusion-builder-nested-column-3 fusion_builder_column_inner_1_1 1_1 fusion-one-full fusion-column-first fusion-column-last\" style=\"--awb-padding-top:40px;--awb-padding-right:20px;--awb-padding-bottom:20px;--awb-padding-left:20px;--awb-bg-color:#f5f5f5;--awb-bg-color-hover:#f5f5f5;--awb-bg-size:cover;--awb-margin-bottom:0px;\"><div class=\"fusion-column-wrapper fusion-column-has-shadow fusion-flex-column-wrapper-legacy\"><div class=\"fusion-text fusion-text-6\"><p><img decoding=\"async\" src=\"https:\/\/www.zahnrad-ott.de\/wp-content\/uploads\/2021\/01\/pdf-icon_zahnrad-ott.png\" alt=\"Brosch\u00fcre\" \/>\u00a0\u00a0<a style=\"color: #b51f1f;\" href=\"https:\/\/www.zahnrad-ott.de\/wp-content\/uploads\/2020\/09\/download_broschuere_zahnrad-ott.pdf\" target=\"_blank\" rel=\"noopener noreferrer\">Brosch\u00fcre<\/a><\/p>\n<\/div><div class=\"fusion-clearfix\"><\/div><\/div><\/div><\/div><div class=\"fusion-clearfix\"><\/div><\/div><\/div><\/div><\/div><div class=\"fusion-fullwidth fullwidth-box fusion-builder-row-2 hundred-percent-fullwidth non-hundred-percent-height-scrolling fusion-no-small-visibility fusion-no-medium-visibility\" style=\"--awb-background-position:left top;--awb-border-sizes-top:0px;--awb-border-sizes-bottom:0px;--awb-border-sizes-left:0px;--awb-border-sizes-right:0px;--awb-border-radius-top-left:0px;--awb-border-radius-top-right:0px;--awb-border-radius-bottom-right:0px;--awb-border-radius-bottom-left:0px;--awb-padding-top:0px;--awb-padding-right:0px;--awb-padding-bottom:0px;--awb-padding-left:0px;--awb-margin-top:-10px;--awb-margin-bottom:-52px;--awb-flex-wrap:wrap;\" ><div class=\"fusion-builder-row fusion-row\"><div class=\"fusion-layout-column fusion_builder_column fusion-builder-column-2 fusion_builder_column_1_1 1_1 fusion-one-full fusion-column-first fusion-column-last\" style=\"--awb-bg-size:cover;--awb-margin-top:-10px;--awb-margin-bottom:0px;\"><div class=\"fusion-column-wrapper fusion-column-has-shadow fusion-flex-column-wrapper-legacy\"><div class=\"fusion-column-content-centered\"><div class=\"fusion-column-content\"><div class=\"fusion-image-carousel fusion-image-carousel-auto fusion-image-carousel-1\"><div class=\"awb-carousel awb-swiper awb-swiper-carousel awb-carousel--carousel awb-swiper-dots-position-bottom\" data-layout=\"carousel\" data-autoplay=\"yes\" data-autoplayspeed=\"2500\" data-autoplaypause=\"no\" data-columns=\"3\" data-columnsmedium=\"1\" data-columnssmall=\"1\" data-itemmargin=\"4\" data-itemwidth=\"180\" data-touchscroll=\"drag\" data-freemode=\"no\" data-imagesize=\"auto\" data-scrollitems=\"1\" data-centeredslides=\"no\" data-rotationangle=\"50\" data-depth=\"100\" data-speed=\"500\" data-shadow=\"no\" data-pagination=\"bullets\" style=\"--awb-columns:3;--awb-column-spacing:4px;\"><div class=\"swiper-wrapper awb-image-carousel-wrapper fusion-flex-align-items-center\"><div class=\"swiper-slide\"><div class=\"fusion-carousel-item-wrapper\"><div class=\"fusion-image-wrapper hover-type-none\"><img decoding=\"async\" width=\"700\" height=\"500\" src=\"https:\/\/www.zahnrad-ott.de\/wp-content\/uploads\/2020\/12\/carousel_koordinatenmessen_zeiss-3d-messmaschine_zahnrad-ott.jpg\" class=\"attachment-full size-full\" alt=\"\" srcset=\"https:\/\/www.zahnrad-ott.de\/wp-content\/uploads\/2020\/12\/carousel_koordinatenmessen_zeiss-3d-messmaschine_zahnrad-ott-200x143.jpg 200w, https:\/\/www.zahnrad-ott.de\/wp-content\/uploads\/2020\/12\/carousel_koordinatenmessen_zeiss-3d-messmaschine_zahnrad-ott-400x286.jpg 400w, https:\/\/www.zahnrad-ott.de\/wp-content\/uploads\/2020\/12\/carousel_koordinatenmessen_zeiss-3d-messmaschine_zahnrad-ott-600x429.jpg 600w, https:\/\/www.zahnrad-ott.de\/wp-content\/uploads\/2020\/12\/carousel_koordinatenmessen_zeiss-3d-messmaschine_zahnrad-ott.jpg 700w\" sizes=\"(min-width: 2200px) 100vw, (min-width: 824px) 387px, (min-width: 732px) 581px, (min-width: 640px) 732px, \" \/><\/div><\/div><\/div><div class=\"swiper-slide\"><div class=\"fusion-carousel-item-wrapper\"><div class=\"fusion-image-wrapper hover-type-none\"><img decoding=\"async\" width=\"700\" height=\"500\" src=\"https:\/\/www.zahnrad-ott.de\/wp-content\/uploads\/2020\/09\/carousel_koordinatenmessen-04_zahnrad-ott.jpg\" class=\"attachment-full size-full\" alt=\"\" srcset=\"https:\/\/www.zahnrad-ott.de\/wp-content\/uploads\/2020\/09\/carousel_koordinatenmessen-04_zahnrad-ott-200x143.jpg 200w, https:\/\/www.zahnrad-ott.de\/wp-content\/uploads\/2020\/09\/carousel_koordinatenmessen-04_zahnrad-ott-400x286.jpg 400w, https:\/\/www.zahnrad-ott.de\/wp-content\/uploads\/2020\/09\/carousel_koordinatenmessen-04_zahnrad-ott-600x429.jpg 600w, https:\/\/www.zahnrad-ott.de\/wp-content\/uploads\/2020\/09\/carousel_koordinatenmessen-04_zahnrad-ott.jpg 700w\" sizes=\"(min-width: 2200px) 100vw, (min-width: 824px) 387px, (min-width: 732px) 581px, (min-width: 640px) 732px, \" \/><\/div><\/div><\/div><div class=\"swiper-slide\"><div class=\"fusion-carousel-item-wrapper\"><div class=\"fusion-image-wrapper hover-type-none\"><img decoding=\"async\" width=\"700\" height=\"500\" src=\"https:\/\/www.zahnrad-ott.de\/wp-content\/uploads\/2020\/09\/carousel_koordinatenmessen-02_zahnrad-ott.jpg\" class=\"attachment-full size-full\" alt=\"\" srcset=\"https:\/\/www.zahnrad-ott.de\/wp-content\/uploads\/2020\/09\/carousel_koordinatenmessen-02_zahnrad-ott-200x143.jpg 200w, https:\/\/www.zahnrad-ott.de\/wp-content\/uploads\/2020\/09\/carousel_koordinatenmessen-02_zahnrad-ott-400x286.jpg 400w, https:\/\/www.zahnrad-ott.de\/wp-content\/uploads\/2020\/09\/carousel_koordinatenmessen-02_zahnrad-ott-600x429.jpg 600w, https:\/\/www.zahnrad-ott.de\/wp-content\/uploads\/2020\/09\/carousel_koordinatenmessen-02_zahnrad-ott.jpg 700w\" sizes=\"(min-width: 2200px) 100vw, (min-width: 824px) 387px, (min-width: 732px) 581px, (min-width: 640px) 732px, \" \/><\/div><\/div><\/div><\/div><div class=\"awb-swiper-button awb-swiper-button-prev\"><i class=\"awb-icon-angle-left\" aria-hidden=\"true\"><\/i><\/div><div class=\"awb-swiper-button awb-swiper-button-next\"><i class=\"awb-icon-angle-right\" aria-hidden=\"true\"><\/i><\/div><\/div><\/div><\/div><\/div><div class=\"fusion-clearfix\"><\/div><\/div><\/div><\/div><\/div><div class=\"fusion-fullwidth fullwidth-box fusion-builder-row-3 hundred-percent-fullwidth non-hundred-percent-height-scrolling fusion-no-large-visibility\" style=\"--awb-background-position:left top;--awb-border-sizes-top:0px;--awb-border-sizes-bottom:0px;--awb-border-sizes-left:0px;--awb-border-sizes-right:0px;--awb-border-radius-top-left:0px;--awb-border-radius-top-right:0px;--awb-border-radius-bottom-right:0px;--awb-border-radius-bottom-left:0px;--awb-padding-top:0px;--awb-padding-right:0px;--awb-padding-bottom:0px;--awb-padding-left:0px;--awb-margin-top:-10px;--awb-margin-bottom:-52px;--awb-flex-wrap:wrap;\" ><div class=\"fusion-builder-row fusion-row\"><div class=\"fusion-layout-column fusion_builder_column fusion-builder-column-3 fusion_builder_column_1_1 1_1 fusion-one-full fusion-column-first fusion-column-last\" style=\"--awb-bg-size:cover;--awb-margin-top:-10px;--awb-margin-bottom:0px;\"><div class=\"fusion-column-wrapper fusion-column-has-shadow fusion-flex-column-wrapper-legacy\"><div class=\"fusion-column-content-centered\"><div class=\"fusion-column-content\"><div class=\"fusion-image-carousel fusion-image-carousel-auto fusion-image-carousel-2\"><div class=\"awb-carousel awb-swiper awb-swiper-carousel awb-carousel--carousel awb-swiper-dots-position-bottom\" data-layout=\"carousel\" data-autoplay=\"yes\" data-autoplayspeed=\"2500\" data-autoplaypause=\"no\" data-columns=\"1\" data-columnsmedium=\"1\" data-columnssmall=\"1\" data-itemmargin=\"4\" data-itemwidth=\"180\" data-touchscroll=\"drag\" data-freemode=\"no\" data-imagesize=\"auto\" data-scrollitems=\"1\" data-centeredslides=\"no\" data-rotationangle=\"50\" data-depth=\"100\" data-speed=\"500\" data-shadow=\"no\" data-pagination=\"bullets\" style=\"--awb-columns:1;--awb-column-spacing:4px;\"><div class=\"swiper-wrapper awb-image-carousel-wrapper fusion-flex-align-items-center\"><div class=\"swiper-slide\"><div class=\"fusion-carousel-item-wrapper\"><div class=\"fusion-image-wrapper hover-type-none\"><img decoding=\"async\" width=\"700\" height=\"500\" src=\"https:\/\/www.zahnrad-ott.de\/wp-content\/uploads\/2020\/12\/carousel_koordinatenmessen_zeiss-3d-messmaschine_zahnrad-ott.jpg\" class=\"attachment-full size-full\" alt=\"\" srcset=\"https:\/\/www.zahnrad-ott.de\/wp-content\/uploads\/2020\/12\/carousel_koordinatenmessen_zeiss-3d-messmaschine_zahnrad-ott-200x143.jpg 200w, https:\/\/www.zahnrad-ott.de\/wp-content\/uploads\/2020\/12\/carousel_koordinatenmessen_zeiss-3d-messmaschine_zahnrad-ott-300x214.jpg 300w, https:\/\/www.zahnrad-ott.de\/wp-content\/uploads\/2020\/12\/carousel_koordinatenmessen_zeiss-3d-messmaschine_zahnrad-ott-400x286.jpg 400w, https:\/\/www.zahnrad-ott.de\/wp-content\/uploads\/2020\/12\/carousel_koordinatenmessen_zeiss-3d-messmaschine_zahnrad-ott-600x429.jpg 600w, https:\/\/www.zahnrad-ott.de\/wp-content\/uploads\/2020\/12\/carousel_koordinatenmessen_zeiss-3d-messmaschine_zahnrad-ott.jpg 700w\" sizes=\"(max-width: 700px) 100vw, 700px\" \/><\/div><\/div><\/div><div class=\"swiper-slide\"><div class=\"fusion-carousel-item-wrapper\"><div class=\"fusion-image-wrapper hover-type-none\"><img decoding=\"async\" width=\"700\" height=\"500\" src=\"https:\/\/www.zahnrad-ott.de\/wp-content\/uploads\/2020\/09\/carousel_koordinatenmessen-04_zahnrad-ott.jpg\" class=\"attachment-full size-full\" alt=\"\" srcset=\"https:\/\/www.zahnrad-ott.de\/wp-content\/uploads\/2020\/09\/carousel_koordinatenmessen-04_zahnrad-ott-200x143.jpg 200w, https:\/\/www.zahnrad-ott.de\/wp-content\/uploads\/2020\/09\/carousel_koordinatenmessen-04_zahnrad-ott-300x214.jpg 300w, https:\/\/www.zahnrad-ott.de\/wp-content\/uploads\/2020\/09\/carousel_koordinatenmessen-04_zahnrad-ott-400x286.jpg 400w, https:\/\/www.zahnrad-ott.de\/wp-content\/uploads\/2020\/09\/carousel_koordinatenmessen-04_zahnrad-ott-600x429.jpg 600w, https:\/\/www.zahnrad-ott.de\/wp-content\/uploads\/2020\/09\/carousel_koordinatenmessen-04_zahnrad-ott.jpg 700w\" sizes=\"(max-width: 700px) 100vw, 700px\" \/><\/div><\/div><\/div><div class=\"swiper-slide\"><div class=\"fusion-carousel-item-wrapper\"><div class=\"fusion-image-wrapper hover-type-none\"><img decoding=\"async\" width=\"700\" height=\"500\" src=\"https:\/\/www.zahnrad-ott.de\/wp-content\/uploads\/2020\/09\/carousel_koordinatenmessen-02_zahnrad-ott.jpg\" class=\"attachment-full size-full\" alt=\"\" srcset=\"https:\/\/www.zahnrad-ott.de\/wp-content\/uploads\/2020\/09\/carousel_koordinatenmessen-02_zahnrad-ott-200x143.jpg 200w, https:\/\/www.zahnrad-ott.de\/wp-content\/uploads\/2020\/09\/carousel_koordinatenmessen-02_zahnrad-ott-300x214.jpg 300w, https:\/\/www.zahnrad-ott.de\/wp-content\/uploads\/2020\/09\/carousel_koordinatenmessen-02_zahnrad-ott-400x286.jpg 400w, https:\/\/www.zahnrad-ott.de\/wp-content\/uploads\/2020\/09\/carousel_koordinatenmessen-02_zahnrad-ott-600x429.jpg 600w, https:\/\/www.zahnrad-ott.de\/wp-content\/uploads\/2020\/09\/carousel_koordinatenmessen-02_zahnrad-ott.jpg 700w\" sizes=\"(max-width: 700px) 100vw, 700px\" \/><\/div><\/div><\/div><\/div><div class=\"awb-swiper-button awb-swiper-button-prev\"><i class=\"awb-icon-angle-left\" aria-hidden=\"true\"><\/i><\/div><div class=\"awb-swiper-button awb-swiper-button-next\"><i class=\"awb-icon-angle-right\" aria-hidden=\"true\"><\/i><\/div><\/div><\/div><\/div><\/div><div class=\"fusion-clearfix\"><\/div><\/div><\/div><\/div><\/div><div class=\"fusion-fullwidth fullwidth-box fusion-builder-row-4 hundred-percent-fullwidth non-hundred-percent-height-scrolling\" style=\"--awb-background-position:left top;--awb-border-sizes-top:0px;--awb-border-sizes-bottom:0px;--awb-border-sizes-left:0px;--awb-border-sizes-right:0px;--awb-border-radius-top-left:0px;--awb-border-radius-top-right:0px;--awb-border-radius-bottom-right:0px;--awb-border-radius-bottom-left:0px;--awb-padding-top:50px;--awb-padding-right:20px;--awb-padding-bottom:30px;--awb-padding-left:20px;--awb-margin-top:0px;--awb-margin-bottom:0px;--awb-background-color:#969696;--awb-flex-wrap:wrap;\" ><div class=\"fusion-builder-row fusion-row\"><div class=\"fusion-layout-column fusion_builder_column fusion-builder-column-4 fusion_builder_column_1_1 1_1 fusion-one-full fusion-column-first fusion-column-last fusion-column-inner-bg-wrapper\" style=\"--awb-inner-bg-size:cover;--awb-margin-bottom:0px;\"><span class=\"fusion-column-inner-bg hover-type-none\"><a class=\"fusion-column-anchor\" href=\"https:\/\/www.zahnrad-ott.de\/kontakt\/\"><span class=\"fusion-column-inner-bg-image\"><\/span><\/a><\/span><div class=\"fusion-column-wrapper fusion-column-has-shadow fusion-flex-column-wrapper-legacy\"><div class=\"fusion-column-content-centered\"><div class=\"fusion-column-content\"><div class=\"fusion-title title fusion-title-5 fusion-sep-none fusion-title-center fusion-title-text fusion-title-size-two\" style=\"--awb-text-color:#ffffff;--awb-margin-top-small:0px;--awb-margin-right-small:0px;--awb-margin-bottom-small:20px;--awb-margin-left-small:0px;\"><h2 class=\"fusion-title-heading title-heading-center fusion-responsive-typography-calculated\" style=\"margin:0;--fontSize:25;line-height:1.25;\">Sie ben\u00f6tigen technische Beratung?<\/h2><\/div><\/div><\/div><div class=\"fusion-clearfix\"><\/div><\/div><\/div><\/div><\/div><\/p>\n","protected":false},"excerpt":{"rendered":"","protected":false},"author":1,"featured_media":0,"parent":2957,"menu_order":0,"comment_status":"closed","ping_status":"closed","template":"100-width.php","meta":{"footnotes":""},"class_list":["post-2988","page","type-page","status-publish","hentry"],"_links":{"self":[{"href":"https:\/\/www.zahnrad-ott.de\/de\/wp-json\/wp\/v2\/pages\/2988","targetHints":{"allow":["GET"]}}],"collection":[{"href":"https:\/\/www.zahnrad-ott.de\/de\/wp-json\/wp\/v2\/pages"}],"about":[{"href":"https:\/\/www.zahnrad-ott.de\/de\/wp-json\/wp\/v2\/types\/page"}],"author":[{"embeddable":true,"href":"https:\/\/www.zahnrad-ott.de\/de\/wp-json\/wp\/v2\/users\/1"}],"replies":[{"embeddable":true,"href":"https:\/\/www.zahnrad-ott.de\/de\/wp-json\/wp\/v2\/comments?post=2988"}],"version-history":[{"count":30,"href":"https:\/\/www.zahnrad-ott.de\/de\/wp-json\/wp\/v2\/pages\/2988\/revisions"}],"predecessor-version":[{"id":4847,"href":"https:\/\/www.zahnrad-ott.de\/de\/wp-json\/wp\/v2\/pages\/2988\/revisions\/4847"}],"up":[{"embeddable":true,"href":"https:\/\/www.zahnrad-ott.de\/de\/wp-json\/wp\/v2\/pages\/2957"}],"wp:attachment":[{"href":"https:\/\/www.zahnrad-ott.de\/de\/wp-json\/wp\/v2\/media?parent=2988"}],"curies":[{"name":"wp","href":"https:\/\/api.w.org\/{rel}","templated":true}]}}